{"id":713,"date":"2014-10-31T18:33:14","date_gmt":"2014-10-31T16:33:14","guid":{"rendered":"http:\/\/www.h-hennes.fr\/blog\/?page_id=713"},"modified":"2016-07-20T17:33:15","modified_gmt":"2016-07-20T15:33:15","slug":"modules-prestashop","status":"publish","type":"page","link":"https:\/\/www.h-hennes.fr\/blog\/modules-prestashop\/","title":{"rendered":"Modules Prestashop"},"content":{"rendered":"<p>J&rsquo;utilise au quotidien la solution e-commerce Prestashop, \u00e0 ce titre je suis souvent amen\u00e9 \u00e0 t\u00e9l\u00e9charger ou \u00e0 r\u00e9aliser des modules pour cette solution.<br \/>\nVoici une s\u00e9lection de modules Prestashop gratuits r\u00e9alis\u00e9s par mes soins, n&rsquo;h\u00e9sitez pas \u00e0 me remonter les probl\u00e8mes rencontr\u00e9s ou \u00e0 soumettre des demandes d&rsquo;\u00e9volutions \ud83d\ude09<br \/>\nCette liste sera mise \u00e0 jour au fur et \u00e0 mesure de mes nouveaux d\u00e9veloppements, et elle regroupera uniquement des modules \u00ab\u00a0g\u00e9n\u00e9riques\u00a0\u00bb<\/p>\n<p>&nbsp;<\/p>\n<table class=\"table-border\">\n<tbody>\n<tr>\n<td><strong>Nom<\/strong><\/td>\n<td><strong>Description<\/strong><\/td>\n<td><strong>Version<\/strong><\/td>\n<td><strong>Compatibilit\u00e9<\/strong><\/td>\n<td><strong>D\u00e9tails<\/strong><\/td>\n<\/tr>\n<tr>\n<td>EiCaptcha<\/td>\n<td>Ajout d&rsquo;un captcha sur le formulaire de contact<br \/>\net sur le formulaire de cr\u00e9ation de compte<\/td>\n<td>0.3.3<br \/>\n0.4.6<\/td>\n<td>version 0.3.x pour prestashop 1.4<br \/>\nversions sup\u00e9rieures pour<br \/>\nprestashop 1.5 et 1.6<\/td>\n<td><a title=\"Captcha Prestashop\" href=\"https:\/\/www.h-hennes.fr\/blog\/module-recaptcha-pour-le-formulaire-de-contact-prestashop\/\" target=\"_blank\">d\u00e9tails<\/a><\/td>\n<\/tr>\n<tr>\n<td>EiCategoriesDescription<\/td>\n<td>Permets d&rsquo;afficher une description html<br \/>\ndes cat\u00e9gories de produits<\/td>\n<td>0.1.1<\/td>\n<td>1.5 et +<br \/>\n(pour version 1.4 : <a title=\"Prestashop : Ajouter un editeur wysiwyg sur la description des cat\u00e9gories\" href=\"https:\/\/www.h-hennes.fr\/blog\/2013\/04\/18\/prestashop-ajouter-un-editeur-wysiwyg-sur-la-description-des-categories\/\" target=\"_blank\">d\u00e9tails<\/a> )<\/td>\n<td><a title=\"Prestashop : Ajouter un \u00e9diteur wysiwyg sur la description des cat\u00e9gories ( Prestashop 1.5 )\" href=\"https:\/\/www.h-hennes.fr\/blog\/2014\/02\/28\/ajouter-un-editeur-wysiwyg-sur-la-description-des-categories-prestashop-1-5\/\" target=\"_blank\">d\u00e9tails<\/a><\/td>\n<\/tr>\n<tr>\n<td>EiCmsLinks<\/td>\n<td>Gestion dynamique des urls des liens<br \/>\ndans les \u00e9diteurs wysywig, gestion de widgets<\/td>\n<td><span class=\"blob-code-inner\">0.9.0<\/span><\/td>\n<td>1.5 et +<\/td>\n<td><a title=\"Prestashop : Liens dynamiques vers les pages cms dans l\u2019\u00e9diteur TinyMce\" href=\"https:\/\/www.h-hennes.fr\/blog\/2014\/01\/18\/prestashop-liens-dynamiques-vers-les-pages-cms-dans-lediteur-tinymce\/\" target=\"_blank\">d\u00e9tails<\/a><\/td>\n<\/tr>\n<tr>\n<td>CustomerAutoGroups<\/td>\n<td>Ajout automatique de clients dans des groupes clients<br \/>\nen fonctions de param\u00e8tres dynamiques<\/td>\n<td>0.3.0<\/td>\n<td>1.5 et +<\/td>\n<td><a href=\"https:\/\/www.h-hennes.fr\/blog\/2015\/11\/10\/prestashop-ajouter-automatiquement-les-clients-a-un-groupe-lors-de-linscription\/\">d\u00e9tails<\/a><\/td>\n<\/tr>\n<tr>\n<td>ContactFormFields<\/td>\n<td>Rajoutez facilement des nouveaux champs sur le<br \/>\nformulaire de contact prestashop<\/td>\n<td>0.1.0<\/td>\n<td>1.5 et +<\/td>\n<td><a href=\"https:\/\/www.h-hennes.fr\/blog\/2016\/01\/17\/prestashop-ajouter-des-champs-au-formulaire-de-contact\/\">d\u00e9tails<\/a><\/td>\n<\/tr>\n<tr>\n<td>HHRegistration<\/td>\n<td>Module canevas pour ajouter des champs au formulaire<br \/>\nde cr\u00e9ation de compte<\/td>\n<td>0.1.0<\/td>\n<td>1.5 et +<\/td>\n<td><a href=\"https:\/\/www.h-hennes.fr\/blog\/2016\/02\/18\/prestashop-envoyer-des-fichiers-lors-de-la-creation-du-compte-client\/\">d\u00e9tails<\/a><\/td>\n<\/tr>\n<tr>\n<td>EiInstallModulesCli<\/td>\n<td>Installation de modules et d\u00e9finition des configurations<br \/>\nvia la ligne de commandes<\/td>\n<td>0.2.1<\/td>\n<td>1.4 et +<\/td>\n<td><a title=\"Prestashop : Installer des modules sans passer par l\u2019administration\" href=\"https:\/\/www.h-hennes.fr\/blog\/2014\/05\/23\/prestashop-installer-des-modules-sans-passer-par-ladministration\/\" target=\"_blank\">d\u00e9tails<\/a><\/td>\n<\/tr>\n<tr>\n<td>Pagination<\/td>\n<td>Optimisation de la pagination<br \/>\ndans l&rsquo;administration prestashop<\/td>\n<td>0.1.1<\/td>\n<td>1.4 uniquement<\/td>\n<td><a title=\"Prestashop : Am\u00e9lioration de la pagination dans l\u2019administration\" href=\"https:\/\/www.h-hennes.fr\/blog\/2013\/11\/07\/prestashop-amelioration-de-la-pagination-dans-ladministration\/\" target=\"_blank\">d\u00e9tails<\/a><\/td>\n<\/tr>\n<tr>\n<td>ScrollToTop<\/td>\n<td>Affichage d&rsquo;un lien de retour en haut de page dynamique<\/td>\n<td>0.1.2<\/td>\n<td>1.4 et +<\/td>\n<td><a title=\"Prestashop : Module Scroll To Top\" href=\"https:\/\/www.h-hennes.fr\/blog\/2013\/05\/21\/prestashop-module-scroll-to-top\/\" target=\"_blank\">d\u00e9tails<\/a><\/td>\n<\/tr>\n<\/tbody>\n<\/table>\n<p>&nbsp;<\/p>\n","protected":false},"excerpt":{"rendered":"<p>J&rsquo;utilise au quotidien la solution e-commerce Prestashop, \u00e0 ce titre je suis souvent amen\u00e9 \u00e0 t\u00e9l\u00e9charger ou \u00e0 r\u00e9aliser des modules pour cette solution. Voici une s\u00e9lection de modules Prestashop gratuits r\u00e9alis\u00e9s par mes soins, n&rsquo;h\u00e9sitez pas \u00e0 me remonter les probl\u00e8mes rencontr\u00e9s ou \u00e0 soumettre des demandes d&rsquo;\u00e9volutions \ud83d\ude09 Cette liste sera mise \u00e0 [&hellip;]<\/p>\n","protected":false},"author":2,"featured_media":0,"parent":0,"menu_order":0,"comment_status":"open","ping_status":"open","template":"","meta":{"site-sidebar-layout":"default","site-content-layout":"","ast-site-content-layout":"default","site-content-style":"default","site-sidebar-style":"default","ast-global-header-display":"","ast-banner-title-visibility":"","ast-main-header-display":"","ast-hfb-above-header-display":"","ast-hfb-below-header-display":"","ast-hfb-mobile-header-display":"","site-post-title":"","ast-breadcrumbs-content":"","ast-featured-img":"","footer-sml-layout":"","ast-disable-related-posts":"","theme-transparent-header-meta":"","adv-header-id-meta":"","stick-header-meta":"","header-above-stick-meta":"","header-main-stick-meta":"","header-below-stick-meta":"","astra-migrate-meta-layouts":"default","ast-page-background-enabled":"default","ast-page-background-meta":{"desktop":{"background-color":"","background-image":"","background-repeat":"repeat","background-position":"center center","background-size":"auto","background-attachment":"scroll","background-type":"","background-media":"","overlay-type":"","overlay-color":"","overlay-opacity":"","overlay-gradient":""},"tablet":{"background-color":"","background-image":"","background-repeat":"repeat","background-position":"center center","background-size":"auto","background-attachment":"scroll","background-type":"","background-media":"","overlay-type":"","overlay-color":"","overlay-opacity":"","overlay-gradient":""},"mobile":{"background-color":"","background-image":"","background-repeat":"repeat","background-position":"center center","background-size":"auto","background-attachment":"scroll","background-type":"","background-media":"","overlay-type":"","overlay-color":"","overlay-opacity":"","overlay-gradient":""}},"ast-content-background-meta":{"desktop":{"background-color":"var(--ast-global-color-5)","background-image":"","background-repeat":"repeat","background-position":"center center","background-size":"auto","background-attachment":"scroll","background-type":"","background-media":"","overlay-type":"","overlay-color":"","overlay-opacity":"","overlay-gradient":""},"tablet":{"background-color":"var(--ast-global-color-5)","background-image":"","background-repeat":"repeat","background-position":"center center","background-size":"auto","background-attachment":"scroll","background-type":"","background-media":"","overlay-type":"","overlay-color":"","overlay-opacity":"","overlay-gradient":""},"mobile":{"background-color":"var(--ast-global-color-5)","background-image":"","background-repeat":"repeat","background-position":"center center","background-size":"auto","background-attachment":"scroll","background-type":"","background-media":"","overlay-type":"","overlay-color":"","overlay-opacity":"","overlay-gradient":""}},"footnotes":""},"class_list":["post-713","page","type-page","status-publish","hentry"],"aioseo_notices":[],"_links":{"self":[{"href":"https:\/\/www.h-hennes.fr\/blog\/wp-json\/wp\/v2\/pages\/713","targetHints":{"allow":["GET"]}}],"collection":[{"href":"https:\/\/www.h-hennes.fr\/blog\/wp-json\/wp\/v2\/pages"}],"about":[{"href":"https:\/\/www.h-hennes.fr\/blog\/wp-json\/wp\/v2\/types\/page"}],"author":[{"embeddable":true,"href":"https:\/\/www.h-hennes.fr\/blog\/wp-json\/wp\/v2\/users\/2"}],"replies":[{"embeddable":true,"href":"https:\/\/www.h-hennes.fr\/blog\/wp-json\/wp\/v2\/comments?post=713"}],"version-history":[{"count":11,"href":"https:\/\/www.h-hennes.fr\/blog\/wp-json\/wp\/v2\/pages\/713\/revisions"}],"predecessor-version":[{"id":1390,"href":"https:\/\/www.h-hennes.fr\/blog\/wp-json\/wp\/v2\/pages\/713\/revisions\/1390"}],"wp:attachment":[{"href":"https:\/\/www.h-hennes.fr\/blog\/wp-json\/wp\/v2\/media?parent=713"}],"curies":[{"name":"wp","href":"https:\/\/api.w.org\/{rel}","templated":true}]}}