{"id":400,"date":"2013-04-19T15:30:41","date_gmt":"2013-04-19T13:30:41","guid":{"rendered":"http:\/\/www.h-hennes.fr\/blog\/?page_id=400"},"modified":"2022-12-30T21:45:08","modified_gmt":"2022-12-30T19:45:08","slug":"experiences-professionnelles","status":"publish","type":"page","link":"https:\/\/www.h-hennes.fr\/blog\/experiences-professionnelles\/","title":{"rendered":"Exp\u00e9riences"},"content":{"rendered":"<p><u><strong>Depuis d\u00e9cembre 2015 :<\/strong> Analyste-d\u00e9veloppeur<\/u><\/p>\n<ul>\n<li>D\u00e9veloppements sp\u00e9cifiques et support de sites ecommerce ( plateformes <strong>Magento 1 &amp; 2<\/strong> et <strong>Prestashop<\/strong> )<\/li>\n<\/ul>\n<p><span style=\"text-decoration: underline;\"><strong>Mai 2010 &#8211; Novembre 2015 :<\/strong> Webmaster- d\u00e9veloppeur<\/span><\/p>\n<ul>\n<li>Cr\u00e9ation et gestion quotidienne\u00a0 de sites internet au sein d&rsquo;une web agency<\/li>\n<li>D\u00e9veloppement (PHP \/ Mysql \/ Html \/ Css \/ Js ) sur les plateformes open source :\n<ul>\n<li>Prestashop ( versions 1.3, 1.4, 1.5)<\/li>\n<li>Magento 1<\/li>\n<li>WordPress<\/li>\n<\/ul>\n<\/li>\n<li>Mise en place de proc\u00e9dures de suivi de projet<\/li>\n<li>R\u00e9daction de documentation fonctionnelles<\/li>\n<\/ul>\n<p><span style=\"text-decoration: underline;\"><strong>F\u00e9vrier 2007 &#8211; Avril 2010 :<\/strong> Assistant E-marketing &#8211; Aubert France<\/span><\/p>\n<ul>\n<li>Gestion d&rsquo;un site web e-commerce :\n<ul>\n<li>cr\u00e9ation et mise \u00e0 jour des contenus, mise en place des op\u00e9rations commerciales<\/li>\n<li>Gestions des produits online<\/li>\n<li>R\u00e9ponses aux clients du services web<\/li>\n<li>R\u00e9f\u00e9rencement du site internet en partenariat avec l&rsquo;agence Activis<\/li>\n<li>Mise en place d&rsquo;outils de gestions des r\u00e9f\u00e9rences produits<\/li>\n<\/ul>\n<\/li>\n<\/ul>\n<p><span style=\"text-decoration: underline;\">2006: Missions de R\u00e9f\u00e9rencement des Site \u00ab\u00a0Overseas\u00a0\u00bb du groupe Hager <\/span>(Stage de 4 mois)<\/p>\n<ul>\n<li>R\u00e9f\u00e9rencement effectu\u00e9 en Anglais sur les sites web : Hager Australie, Hager Malaysie, Hager Singapour, Hager Emirats Arabes Unis et Hager Royaume uni.<\/li>\n<li>\u00c9tablissement d&rsquo;une strat\u00e9gie de r\u00e9f\u00e9rencement et r\u00e9daction d&rsquo;un livre blanc sur les m\u00e9thodes de r\u00e9f\u00e9rencement.<\/li>\n<li>\u00c9tude des facteurs bloquants du r\u00e9f\u00e9rencement.<\/li>\n<li>Strat\u00e9gie de Net-linking<\/li>\n<\/ul>\n","protected":false},"excerpt":{"rendered":"<p>Depuis d\u00e9cembre 2015 : Analyste-d\u00e9veloppeur D\u00e9veloppements sp\u00e9cifiques et support de sites ecommerce ( plateformes Magento 1 &amp; 2 et Prestashop ) Mai 2010 &#8211; Novembre 2015 : Webmaster- d\u00e9veloppeur Cr\u00e9ation et gestion quotidienne\u00a0 de sites internet au sein d&rsquo;une web agency D\u00e9veloppement (PHP \/ Mysql \/ Html \/ Css \/ Js ) sur les plateformes [&hellip;]<\/p>\n","protected":false},"author":2,"featured_media":0,"parent":0,"menu_order":0,"comment_status":"closed","ping_status":"closed","template":"","meta":{"site-sidebar-layout":"default","site-content-layout":"default","ast-site-content-layout":"default","site-content-style":"default","site-sidebar-style":"default","ast-global-header-display":"","ast-banner-title-visibility":"","ast-main-header-display":"","ast-hfb-above-header-display":"","ast-hfb-below-header-display":"","ast-hfb-mobile-header-display":"","site-post-title":"","ast-breadcrumbs-content":"","ast-featured-img":"","footer-sml-layout":"","ast-disable-related-posts":"","theme-transparent-header-meta":"default","adv-header-id-meta":"","stick-header-meta":"","header-above-stick-meta":"","header-main-stick-meta":"","header-below-stick-meta":"","astra-migrate-meta-layouts":"default","ast-page-background-enabled":"default","ast-page-background-meta":{"desktop":{"background-color":"","background-image":"","background-repeat":"repeat","background-position":"center center","background-size":"auto","background-attachment":"scroll","background-type":"","background-media":"","overlay-type":"","overlay-color":"","overlay-opacity":"","overlay-gradient":""},"tablet":{"background-color":"","background-image":"","background-repeat":"repeat","background-position":"center center","background-size":"auto","background-attachment":"scroll","background-type":"","background-media":"","overlay-type":"","overlay-color":"","overlay-opacity":"","overlay-gradient":""},"mobile":{"background-color":"","background-image":"","background-repeat":"repeat","background-position":"center center","background-size":"auto","background-attachment":"scroll","background-type":"","background-media":"","overlay-type":"","overlay-color":"","overlay-opacity":"","overlay-gradient":""}},"ast-content-background-meta":{"desktop":{"background-color":"var(--ast-global-color-5)","background-image":"","background-repeat":"repeat","background-position":"center center","background-size":"auto","background-attachment":"scroll","background-type":"","background-media":"","overlay-type":"","overlay-color":"","overlay-opacity":"","overlay-gradient":""},"tablet":{"background-color":"var(--ast-global-color-5)","background-image":"","background-repeat":"repeat","background-position":"center center","background-size":"auto","background-attachment":"scroll","background-type":"","background-media":"","overlay-type":"","overlay-color":"","overlay-opacity":"","overlay-gradient":""},"mobile":{"background-color":"var(--ast-global-color-5)","background-image":"","background-repeat":"repeat","background-position":"center center","background-size":"auto","background-attachment":"scroll","background-type":"","background-media":"","overlay-type":"","overlay-color":"","overlay-opacity":"","overlay-gradient":""}},"footnotes":""},"class_list":["post-400","page","type-page","status-publish","hentry"],"aioseo_notices":[],"_links":{"self":[{"href":"https:\/\/www.h-hennes.fr\/blog\/wp-json\/wp\/v2\/pages\/400","targetHints":{"allow":["GET"]}}],"collection":[{"href":"https:\/\/www.h-hennes.fr\/blog\/wp-json\/wp\/v2\/pages"}],"about":[{"href":"https:\/\/www.h-hennes.fr\/blog\/wp-json\/wp\/v2\/types\/page"}],"author":[{"embeddable":true,"href":"https:\/\/www.h-hennes.fr\/blog\/wp-json\/wp\/v2\/users\/2"}],"replies":[{"embeddable":true,"href":"https:\/\/www.h-hennes.fr\/blog\/wp-json\/wp\/v2\/comments?post=400"}],"version-history":[{"count":7,"href":"https:\/\/www.h-hennes.fr\/blog\/wp-json\/wp\/v2\/pages\/400\/revisions"}],"predecessor-version":[{"id":2468,"href":"https:\/\/www.h-hennes.fr\/blog\/wp-json\/wp\/v2\/pages\/400\/revisions\/2468"}],"wp:attachment":[{"href":"https:\/\/www.h-hennes.fr\/blog\/wp-json\/wp\/v2\/media?parent=400"}],"curies":[{"name":"wp","href":"https:\/\/api.w.org\/{rel}","templated":true}]}}